{"id":17904,"date":"2023-11-15T08:17:02","date_gmt":"2023-11-15T07:17:02","guid":{"rendered":"https:\/\/reserve.maltaislandtours.com\/?post_type=product&#038;p=17904"},"modified":"2024-04-29T14:10:47","modified_gmt":"2024-04-29T13:10:47","slug":"traditional-harbour-cruise-malta","status":"publish","type":"product","link":"https:\/\/reserve.maltaislandtours.com\/ro_ro\/produs\/traditional-harbour-cruise-malta\/","title":{"rendered":"Croazier\u0103 tradi\u021bional\u0103 \u00een port"},"content":{"rendered":"","protected":false},"excerpt":{"rendered":"<p>Participa\u021bi la aceast\u0103 croazier\u0103 tradi\u021bional\u0103 \u00een port pentru a retr\u0103i istoria curajoas\u0103 a Maltei, navig\u00e2nd \u00een jurul celor dou\u0103 porturi naturale de o parte \u0219i de alta a ora\u0219ului Valletta - Marsamxetto Harbour \u0219i Grand Harbour. Ve\u021bi tr\u0103i trecutul \u0219i ve\u021bi vedea fort\u0103re\u021bele magnifice, bastioanele \u0219i golfurile situate \u00een Valletta \u0219i \u00een Cele Trei Ora\u0219e, precum \u0219i alte locuri de interes, care pot fi admirate doar de pe mare.<\/p>\n<p>Pre\u021bul include:<\/p>\n<p><img decoding=\"async\" class=\"alignnone size-medium wp-image-17774\" src=\"https:\/\/reserve.maltaislandtours.com\/wp-content\/uploads\/2023\/10\/icon-300x300.png\" alt=\"\" width=\"25\" height=\"25\" srcset=\"https:\/\/reserve.maltaislandtours.com\/wp-content\/uploads\/2023\/10\/icon-300x300.png 300w, https:\/\/reserve.maltaislandtours.com\/wp-content\/uploads\/2023\/10\/icon-100x100.png 100w, https:\/\/reserve.maltaislandtours.com\/wp-content\/uploads\/2023\/10\/icon-150x150.png 150w, https:\/\/reserve.maltaislandtours.com\/wp-content\/uploads\/2023\/10\/icon-12x12.png 12w, https:\/\/reserve.maltaislandtours.com\/wp-content\/uploads\/2023\/10\/icon.png 520w\" sizes=\"(max-width: 25px) 100vw, 25px\" \/>90 minute Croazier\u0103 \u00een port<\/p>\n<p><img decoding=\"async\" class=\"alignnone size-medium wp-image-17774\" src=\"https:\/\/reserve.maltaislandtours.com\/wp-content\/uploads\/2023\/10\/icon-300x300.png\" alt=\"\" width=\"25\" height=\"25\" srcset=\"https:\/\/reserve.maltaislandtours.com\/wp-content\/uploads\/2023\/10\/icon-300x300.png 300w, https:\/\/reserve.maltaislandtours.com\/wp-content\/uploads\/2023\/10\/icon-100x100.png 100w, https:\/\/reserve.maltaislandtours.com\/wp-content\/uploads\/2023\/10\/icon-150x150.png 150w, https:\/\/reserve.maltaislandtours.com\/wp-content\/uploads\/2023\/10\/icon-12x12.png 12w, https:\/\/reserve.maltaislandtours.com\/wp-content\/uploads\/2023\/10\/icon.png 520w\" sizes=\"(max-width: 25px) 100vw, 25px\" \/>Comentariu \u00een direct - englez\u0103 \u0219i german\u0103<\/p>\n<p><strong>Informa\u021bii suplimentare \u0219i sfaturi : <\/strong><a href=\"https:\/\/reserve.maltaislandtours.com\/en_gb\/additional-information-tips-harbour-cruise\/\">CLICK AICI<\/a><\/p>","protected":false},"featured_media":17918,"template":"","meta":[],"product_brand":[],"product_cat":[307],"product_tag":[],"class_list":{"0":"post-17904","1":"product","2":"type-product","3":"status-publish","4":"has-post-thumbnail","6":"product_cat-harbour-cruise-pass","8":"first","9":"instock","10":"shipping-taxable","11":"product-type-grouped"},"_links":{"self":[{"href":"https:\/\/reserve.maltaislandtours.com\/ro_ro\/wp-json\/wp\/v2\/product\/17904","targetHints":{"allow":["GET"]}}],"collection":[{"href":"https:\/\/reserve.maltaislandtours.com\/ro_ro\/wp-json\/wp\/v2\/product"}],"about":[{"href":"https:\/\/reserve.maltaislandtours.com\/ro_ro\/wp-json\/wp\/v2\/types\/product"}],"wp:featuredmedia":[{"embeddable":true,"href":"https:\/\/reserve.maltaislandtours.com\/ro_ro\/wp-json\/wp\/v2\/media\/17918"}],"wp:attachment":[{"href":"https:\/\/reserve.maltaislandtours.com\/ro_ro\/wp-json\/wp\/v2\/media?parent=17904"}],"wp:term":[{"taxonomy":"product_brand","embeddable":true,"href":"https:\/\/reserve.maltaislandtours.com\/ro_ro\/wp-json\/wp\/v2\/product_brand?post=17904"},{"taxonomy":"product_cat","embeddable":true,"href":"https:\/\/reserve.maltaislandtours.com\/ro_ro\/wp-json\/wp\/v2\/product_cat?post=17904"},{"taxonomy":"product_tag","embeddable":true,"href":"https:\/\/reserve.maltaislandtours.com\/ro_ro\/wp-json\/wp\/v2\/product_tag?post=17904"}],"curies":[{"name":"wp","href":"https:\/\/api.w.org\/{rel}","templated":true}]}}