{"id":17904,"date":"2023-11-15T08:17:02","date_gmt":"2023-11-15T07:17:02","guid":{"rendered":"https:\/\/reserve.maltaislandtours.com\/?post_type=product&#038;p=17904"},"modified":"2024-04-29T14:10:47","modified_gmt":"2024-04-29T13:10:47","slug":"traditional-harbour-cruise-malta","status":"publish","type":"product","link":"https:\/\/reserve.maltaislandtours.com\/pl_pl\/produkt\/tradycyjny-rejs-po-porcie-malta\/","title":{"rendered":"Tradycyjny rejs po porcie \u25ba Traditional Harbour Cruise"},"content":{"rendered":"","protected":false},"excerpt":{"rendered":"<p>Do\u0142\u0105cz do tego tradycyjnego rejsu po porcie, aby ponownie prze\u017cy\u0107 waleczn\u0105 histori\u0119 Malty, p\u0142ywaj\u0105c po dw\u00f3ch naturalnych portach po obu stronach Valletty - Marsamxetto Harbour i Grand Harbour. Do\u015bwiadczysz przesz\u0142o\u015bci i zobaczysz wspania\u0142e forty, mury obronne i potoki znajduj\u0105ce si\u0119 w Valletcie i Trzech Miastach oraz inne interesuj\u0105ce miejsca, kt\u00f3re mo\u017cna podziwia\u0107 tylko z morza.<\/p>\n<p>Cena zawiera :<\/p>\n<p><img decoding=\"async\" class=\"alignnone size-medium wp-image-17774\" src=\"https:\/\/reserve.maltaislandtours.com\/wp-content\/uploads\/2023\/10\/icon-300x300.png\" alt=\"\" width=\"25\" height=\"25\" srcset=\"https:\/\/reserve.maltaislandtours.com\/wp-content\/uploads\/2023\/10\/icon-300x300.png 300w, https:\/\/reserve.maltaislandtours.com\/wp-content\/uploads\/2023\/10\/icon-100x100.png 100w, https:\/\/reserve.maltaislandtours.com\/wp-content\/uploads\/2023\/10\/icon-150x150.png 150w, https:\/\/reserve.maltaislandtours.com\/wp-content\/uploads\/2023\/10\/icon-12x12.png 12w, https:\/\/reserve.maltaislandtours.com\/wp-content\/uploads\/2023\/10\/icon.png 520w\" sizes=\"(max-width: 25px) 100vw, 25px\" \/>90-minutowy rejs po porcie<\/p>\n<p><img decoding=\"async\" class=\"alignnone size-medium wp-image-17774\" src=\"https:\/\/reserve.maltaislandtours.com\/wp-content\/uploads\/2023\/10\/icon-300x300.png\" alt=\"\" width=\"25\" height=\"25\" srcset=\"https:\/\/reserve.maltaislandtours.com\/wp-content\/uploads\/2023\/10\/icon-300x300.png 300w, https:\/\/reserve.maltaislandtours.com\/wp-content\/uploads\/2023\/10\/icon-100x100.png 100w, https:\/\/reserve.maltaislandtours.com\/wp-content\/uploads\/2023\/10\/icon-150x150.png 150w, https:\/\/reserve.maltaislandtours.com\/wp-content\/uploads\/2023\/10\/icon-12x12.png 12w, https:\/\/reserve.maltaislandtours.com\/wp-content\/uploads\/2023\/10\/icon.png 520w\" sizes=\"(max-width: 25px) 100vw, 25px\" \/>Komentarz na \u017cywo - angielski i niemiecki<\/p>\n<p><strong>Dodatkowe informacje i wskaz\u00f3wki : <\/strong><a href=\"https:\/\/reserve.maltaislandtours.com\/en_gb\/additional-information-tips-harbour-cruise\/\">KLIKNIJ TUTAJ<\/a><\/p>","protected":false},"featured_media":17918,"template":"","meta":[],"product_brand":[],"product_cat":[307],"product_tag":[],"class_list":{"0":"post-17904","1":"product","2":"type-product","3":"status-publish","4":"has-post-thumbnail","6":"product_cat-harbour-cruise-pass","8":"first","9":"instock","10":"shipping-taxable","11":"product-type-grouped"},"_links":{"self":[{"href":"https:\/\/reserve.maltaislandtours.com\/pl_pl\/wp-json\/wp\/v2\/product\/17904","targetHints":{"allow":["GET"]}}],"collection":[{"href":"https:\/\/reserve.maltaislandtours.com\/pl_pl\/wp-json\/wp\/v2\/product"}],"about":[{"href":"https:\/\/reserve.maltaislandtours.com\/pl_pl\/wp-json\/wp\/v2\/types\/product"}],"wp:featuredmedia":[{"embeddable":true,"href":"https:\/\/reserve.maltaislandtours.com\/pl_pl\/wp-json\/wp\/v2\/media\/17918"}],"wp:attachment":[{"href":"https:\/\/reserve.maltaislandtours.com\/pl_pl\/wp-json\/wp\/v2\/media?parent=17904"}],"wp:term":[{"taxonomy":"product_brand","embeddable":true,"href":"https:\/\/reserve.maltaislandtours.com\/pl_pl\/wp-json\/wp\/v2\/product_brand?post=17904"},{"taxonomy":"product_cat","embeddable":true,"href":"https:\/\/reserve.maltaislandtours.com\/pl_pl\/wp-json\/wp\/v2\/product_cat?post=17904"},{"taxonomy":"product_tag","embeddable":true,"href":"https:\/\/reserve.maltaislandtours.com\/pl_pl\/wp-json\/wp\/v2\/product_tag?post=17904"}],"curies":[{"name":"wp","href":"https:\/\/api.w.org\/{rel}","templated":true}]}}