{"id":17813,"date":"2023-11-11T13:09:59","date_gmt":"2023-11-11T12:09:59","guid":{"rendered":"https:\/\/reserve.maltaislandtours.com\/?post_type=product&#038;p=17813"},"modified":"2024-04-29T12:48:29","modified_gmt":"2024-04-29T11:48:29","slug":"48-hours-hop-on-hop-off-malta-pass","status":"publish","type":"product","link":"https:\/\/reserve.maltaislandtours.com\/pl_pl\/produkt\/48-godzinny-karnet-na-malte-typu-hop-on-hop-off\/","title":{"rendered":"48-godzinny karnet Hop On Hop Off Malta Pass"},"content":{"rendered":"","protected":false},"excerpt":{"rendered":"<p><strong>Cena zawiera :<\/strong><br \/>\n<img decoding=\"async\" class=\"alignnone size-medium wp-image-17774\" src=\"https:\/\/reserve.maltaislandtours.com\/wp-content\/uploads\/2023\/10\/icon-300x300.png\" alt=\"\" width=\"25\" height=\"25\" srcset=\"https:\/\/reserve.maltaislandtours.com\/wp-content\/uploads\/2023\/10\/icon-300x300.png 300w, https:\/\/reserve.maltaislandtours.com\/wp-content\/uploads\/2023\/10\/icon-100x100.png 100w, https:\/\/reserve.maltaislandtours.com\/wp-content\/uploads\/2023\/10\/icon-150x150.png 150w, https:\/\/reserve.maltaislandtours.com\/wp-content\/uploads\/2023\/10\/icon-12x12.png 12w, https:\/\/reserve.maltaislandtours.com\/wp-content\/uploads\/2023\/10\/icon.png 520w\" sizes=\"(max-width: 25px) 100vw, 25px\" \/>48-godzinny karnet na autobusy Hop-On Hop-Off - North Tour i South Tour (do wykorzystania w 2 blokach po 24 godziny (nie nast\u0119puj\u0105cych po sobie) w ci\u0105gu 5 dni od daty pierwszej aktywacji).<br \/>\n<img decoding=\"async\" class=\"alignnone size-medium wp-image-17774\" src=\"https:\/\/reserve.maltaislandtours.com\/wp-content\/uploads\/2023\/10\/icon-300x300.png\" alt=\"\" width=\"25\" height=\"25\" srcset=\"https:\/\/reserve.maltaislandtours.com\/wp-content\/uploads\/2023\/10\/icon-300x300.png 300w, https:\/\/reserve.maltaislandtours.com\/wp-content\/uploads\/2023\/10\/icon-100x100.png 100w, https:\/\/reserve.maltaislandtours.com\/wp-content\/uploads\/2023\/10\/icon-150x150.png 150w, https:\/\/reserve.maltaislandtours.com\/wp-content\/uploads\/2023\/10\/icon-12x12.png 12w, https:\/\/reserve.maltaislandtours.com\/wp-content\/uploads\/2023\/10\/icon.png 520w\" sizes=\"(max-width: 25px) 100vw, 25px\" \/>Rejs po porcie (mo\u017cna wykorzysta\u0107 raz w ci\u0105gu 3 dni od aktywacji karnetu).<br \/>\n<strong>Wszystkie karnety nale\u017cy rezerwowa\u0107 z co najmniej 24-godzinnym wyprzedzeniem.<\/strong><\/p>\n<p><strong>Dodatkowe informacje i wskaz\u00f3wki : <\/strong><a href=\"https:\/\/reserve.maltaislandtours.com\/en_gb\/additional-information-tips-48-hours-malta-bus-pass\/\">KLIKNIJ TUTAJ<\/a><\/p>","protected":false},"featured_media":17770,"template":"","meta":[],"product_brand":[],"product_cat":[314],"product_tag":[],"class_list":{"0":"post-17813","1":"product","2":"type-product","3":"status-publish","4":"has-post-thumbnail","6":"product_cat-48passm","8":"first","9":"instock","10":"shipping-taxable","11":"product-type-grouped"},"_links":{"self":[{"href":"https:\/\/reserve.maltaislandtours.com\/pl_pl\/wp-json\/wp\/v2\/product\/17813","targetHints":{"allow":["GET"]}}],"collection":[{"href":"https:\/\/reserve.maltaislandtours.com\/pl_pl\/wp-json\/wp\/v2\/product"}],"about":[{"href":"https:\/\/reserve.maltaislandtours.com\/pl_pl\/wp-json\/wp\/v2\/types\/product"}],"wp:featuredmedia":[{"embeddable":true,"href":"https:\/\/reserve.maltaislandtours.com\/pl_pl\/wp-json\/wp\/v2\/media\/17770"}],"wp:attachment":[{"href":"https:\/\/reserve.maltaislandtours.com\/pl_pl\/wp-json\/wp\/v2\/media?parent=17813"}],"wp:term":[{"taxonomy":"product_brand","embeddable":true,"href":"https:\/\/reserve.maltaislandtours.com\/pl_pl\/wp-json\/wp\/v2\/product_brand?post=17813"},{"taxonomy":"product_cat","embeddable":true,"href":"https:\/\/reserve.maltaislandtours.com\/pl_pl\/wp-json\/wp\/v2\/product_cat?post=17813"},{"taxonomy":"product_tag","embeddable":true,"href":"https:\/\/reserve.maltaislandtours.com\/pl_pl\/wp-json\/wp\/v2\/product_tag?post=17813"}],"curies":[{"name":"wp","href":"https:\/\/api.w.org\/{rel}","templated":true}]}}