{"id":5225,"date":"2021-12-29T13:52:44","date_gmt":"2021-12-29T13:52:44","guid":{"rendered":"https:\/\/demo.goodlayers.com\/traveltour\/main3\/?page_id=5225"},"modified":"2025-06-28T16:21:49","modified_gmt":"2025-06-28T15:21:49","slug":"malta-gozo-comino","status":"publish","type":"page","link":"https:\/\/reserve.maltaislandtours.com\/pl_pl\/","title":{"rendered":"Strona g\u0142\u00f3wna"},"content":{"rendered":"","protected":false},"excerpt":{"rendered":"<p> Ciesz si\u0119 Malt\u0105, Gozo i wyspami Comino. Wycieczki z przewodnikiem, wycieczki Hop On Hop Off, wycieczki przygodowe, rejsy i wiele wi\u0119cej... \u0141atwa rezerwacja online ze szczeg\u00f3\u0142owymi informacjami o ka\u017cdej wycieczce lub do\u015bwiadczeniu.<\/p>","protected":false},"author":1,"featured_media":5969,"parent":0,"menu_order":0,"comment_status":"closed","ping_status":"closed","template":"","meta":{"footnotes":""},"class_list":["post-5225","page","type-page","status-publish","has-post-thumbnail","hentry"],"_links":{"self":[{"href":"https:\/\/reserve.maltaislandtours.com\/pl_pl\/wp-json\/wp\/v2\/pages\/5225","targetHints":{"allow":["GET"]}}],"collection":[{"href":"https:\/\/reserve.maltaislandtours.com\/pl_pl\/wp-json\/wp\/v2\/pages"}],"about":[{"href":"https:\/\/reserve.maltaislandtours.com\/pl_pl\/wp-json\/wp\/v2\/types\/page"}],"author":[{"embeddable":true,"href":"https:\/\/reserve.maltaislandtours.com\/pl_pl\/wp-json\/wp\/v2\/users\/1"}],"replies":[{"embeddable":true,"href":"https:\/\/reserve.maltaislandtours.com\/pl_pl\/wp-json\/wp\/v2\/comments?post=5225"}],"version-history":[{"count":4,"href":"https:\/\/reserve.maltaislandtours.com\/pl_pl\/wp-json\/wp\/v2\/pages\/5225\/revisions"}],"predecessor-version":[{"id":19484,"href":"https:\/\/reserve.maltaislandtours.com\/pl_pl\/wp-json\/wp\/v2\/pages\/5225\/revisions\/19484"}],"wp:featuredmedia":[{"embeddable":true,"href":"https:\/\/reserve.maltaislandtours.com\/pl_pl\/wp-json\/wp\/v2\/media\/5969"}],"wp:attachment":[{"href":"https:\/\/reserve.maltaislandtours.com\/pl_pl\/wp-json\/wp\/v2\/media?parent=5225"}],"curies":[{"name":"wp","href":"https:\/\/api.w.org\/{rel}","templated":true}]}}