{"id":17904,"date":"2023-11-15T08:17:02","date_gmt":"2023-11-15T07:17:02","guid":{"rendered":"https:\/\/reserve.maltaislandtours.com\/?post_type=product&#038;p=17904"},"modified":"2024-04-29T14:10:47","modified_gmt":"2024-04-29T13:10:47","slug":"traditional-harbour-cruise-malta","status":"publish","type":"product","link":"https:\/\/reserve.maltaislandtours.com\/fr_fr\/produit\/croisiere-port-traditionnelle-malte\/","title":{"rendered":"Croisi\u00e8re traditionnelle dans le port \u25ba Traditional Harbour Cruise"},"content":{"rendered":"","protected":false},"excerpt":{"rendered":"<p>Participez \u00e0 cette croisi\u00e8re portuaire traditionnelle pour revivre l'histoire galante de Malte, en naviguant autour des deux ports naturels situ\u00e9s de part et d'autre de La Valette : le Marsamxetto Harbour et le Grand Harbour. Vous ferez l'exp\u00e9rience du pass\u00e9 et verrez les magnifiques forts, cr\u00e9neaux et criques situ\u00e9s \u00e0 La Valette et dans les Trois Cit\u00e9s, ainsi que d'autres lieux d'int\u00e9r\u00eat qui ne peuvent \u00eatre admir\u00e9s que depuis la mer.<\/p>\n<p>Dans le prix :<\/p>\n<p><img decoding=\"async\" class=\"alignnone size-medium wp-image-17774\" src=\"https:\/\/reserve.maltaislandtours.com\/wp-content\/uploads\/2023\/10\/icon-300x300.png\" alt=\"\" width=\"25\" height=\"25\" srcset=\"https:\/\/reserve.maltaislandtours.com\/wp-content\/uploads\/2023\/10\/icon-300x300.png 300w, https:\/\/reserve.maltaislandtours.com\/wp-content\/uploads\/2023\/10\/icon-100x100.png 100w, https:\/\/reserve.maltaislandtours.com\/wp-content\/uploads\/2023\/10\/icon-150x150.png 150w, https:\/\/reserve.maltaislandtours.com\/wp-content\/uploads\/2023\/10\/icon-12x12.png 12w, https:\/\/reserve.maltaislandtours.com\/wp-content\/uploads\/2023\/10\/icon.png 520w\" sizes=\"(max-width: 25px) 100vw, 25px\" \/>90 minutes de croisi\u00e8re dans le port<\/p>\n<p><img decoding=\"async\" class=\"alignnone size-medium wp-image-17774\" src=\"https:\/\/reserve.maltaislandtours.com\/wp-content\/uploads\/2023\/10\/icon-300x300.png\" alt=\"\" width=\"25\" height=\"25\" srcset=\"https:\/\/reserve.maltaislandtours.com\/wp-content\/uploads\/2023\/10\/icon-300x300.png 300w, https:\/\/reserve.maltaislandtours.com\/wp-content\/uploads\/2023\/10\/icon-100x100.png 100w, https:\/\/reserve.maltaislandtours.com\/wp-content\/uploads\/2023\/10\/icon-150x150.png 150w, https:\/\/reserve.maltaislandtours.com\/wp-content\/uploads\/2023\/10\/icon-12x12.png 12w, https:\/\/reserve.maltaislandtours.com\/wp-content\/uploads\/2023\/10\/icon.png 520w\" sizes=\"(max-width: 25px) 100vw, 25px\" \/>Commentaires en direct - anglais et allemand<\/p>\n<p><strong>Informations compl\u00e9mentaires et conseils : <\/strong><a href=\"https:\/\/reserve.maltaislandtours.com\/en_gb\/additional-information-tips-harbour-cruise\/\">CLIQUEZ ICI<\/a><\/p>","protected":false},"featured_media":17918,"template":"","meta":[],"product_brand":[],"product_cat":[307],"product_tag":[],"class_list":{"0":"post-17904","1":"product","2":"type-product","3":"status-publish","4":"has-post-thumbnail","6":"product_cat-harbour-cruise-pass","8":"first","9":"instock","10":"shipping-taxable","11":"product-type-grouped"},"_links":{"self":[{"href":"https:\/\/reserve.maltaislandtours.com\/fr_fr\/wp-json\/wp\/v2\/product\/17904","targetHints":{"allow":["GET"]}}],"collection":[{"href":"https:\/\/reserve.maltaislandtours.com\/fr_fr\/wp-json\/wp\/v2\/product"}],"about":[{"href":"https:\/\/reserve.maltaislandtours.com\/fr_fr\/wp-json\/wp\/v2\/types\/product"}],"wp:featuredmedia":[{"embeddable":true,"href":"https:\/\/reserve.maltaislandtours.com\/fr_fr\/wp-json\/wp\/v2\/media\/17918"}],"wp:attachment":[{"href":"https:\/\/reserve.maltaislandtours.com\/fr_fr\/wp-json\/wp\/v2\/media?parent=17904"}],"wp:term":[{"taxonomy":"product_brand","embeddable":true,"href":"https:\/\/reserve.maltaislandtours.com\/fr_fr\/wp-json\/wp\/v2\/product_brand?post=17904"},{"taxonomy":"product_cat","embeddable":true,"href":"https:\/\/reserve.maltaislandtours.com\/fr_fr\/wp-json\/wp\/v2\/product_cat?post=17904"},{"taxonomy":"product_tag","embeddable":true,"href":"https:\/\/reserve.maltaislandtours.com\/fr_fr\/wp-json\/wp\/v2\/product_tag?post=17904"}],"curies":[{"name":"wp","href":"https:\/\/api.w.org\/{rel}","templated":true}]}}