{"id":17813,"date":"2023-11-11T13:09:59","date_gmt":"2023-11-11T12:09:59","guid":{"rendered":"https:\/\/reserve.maltaislandtours.com\/?post_type=product&#038;p=17813"},"modified":"2024-04-29T12:48:29","modified_gmt":"2024-04-29T11:48:29","slug":"48-hours-hop-on-hop-off-malta-pass","status":"publish","type":"product","link":"https:\/\/reserve.maltaislandtours.com\/fr_fr\/produit\/pass-48-heures-a-arrets-multiples-a-malte\/","title":{"rendered":"48 Heures Hop On Hop Off Malta Pass"},"content":{"rendered":"","protected":false},"excerpt":{"rendered":"<p><strong>Dans le prix :<\/strong><br \/>\n<img decoding=\"async\" class=\"alignnone size-medium wp-image-17774\" src=\"https:\/\/reserve.maltaislandtours.com\/wp-content\/uploads\/2023\/10\/icon-300x300.png\" alt=\"\" width=\"25\" height=\"25\" srcset=\"https:\/\/reserve.maltaislandtours.com\/wp-content\/uploads\/2023\/10\/icon-300x300.png 300w, https:\/\/reserve.maltaislandtours.com\/wp-content\/uploads\/2023\/10\/icon-100x100.png 100w, https:\/\/reserve.maltaislandtours.com\/wp-content\/uploads\/2023\/10\/icon-150x150.png 150w, https:\/\/reserve.maltaislandtours.com\/wp-content\/uploads\/2023\/10\/icon-12x12.png 12w, https:\/\/reserve.maltaislandtours.com\/wp-content\/uploads\/2023\/10\/icon.png 520w\" sizes=\"(max-width: 25px) 100vw, 25px\" \/>Pass de 48 heures pour les bus Hop-On Hop-Off - North Tour &amp; South Tour (utilisable en 2 blocs de 24 heures (non cons\u00e9cutives) sur une p\u00e9riode de 5 jours \u00e0 partir de la date de premi\u00e8re activation).<br \/>\n<img decoding=\"async\" class=\"alignnone size-medium wp-image-17774\" src=\"https:\/\/reserve.maltaislandtours.com\/wp-content\/uploads\/2023\/10\/icon-300x300.png\" alt=\"\" width=\"25\" height=\"25\" srcset=\"https:\/\/reserve.maltaislandtours.com\/wp-content\/uploads\/2023\/10\/icon-300x300.png 300w, https:\/\/reserve.maltaislandtours.com\/wp-content\/uploads\/2023\/10\/icon-100x100.png 100w, https:\/\/reserve.maltaislandtours.com\/wp-content\/uploads\/2023\/10\/icon-150x150.png 150w, https:\/\/reserve.maltaislandtours.com\/wp-content\/uploads\/2023\/10\/icon-12x12.png 12w, https:\/\/reserve.maltaislandtours.com\/wp-content\/uploads\/2023\/10\/icon.png 520w\" sizes=\"(max-width: 25px) 100vw, 25px\" \/>Croisi\u00e8re dans le port (utilisable une fois dans les 3 jours suivant l'activation du Pass).<br \/>\n<strong>Tous les laissez-passer doivent \u00eatre r\u00e9serv\u00e9s au moins 24 heures \u00e0 l'avance.<\/strong><\/p>\n<p><strong>Informations compl\u00e9mentaires et conseils : <\/strong><a href=\"https:\/\/reserve.maltaislandtours.com\/en_gb\/additional-information-tips-48-hours-malta-bus-pass\/\">CLIQUEZ ICI<\/a><\/p>","protected":false},"featured_media":17770,"template":"","meta":[],"product_brand":[],"product_cat":[314],"product_tag":[],"class_list":{"0":"post-17813","1":"product","2":"type-product","3":"status-publish","4":"has-post-thumbnail","6":"product_cat-48passm","8":"first","9":"instock","10":"shipping-taxable","11":"product-type-grouped"},"_links":{"self":[{"href":"https:\/\/reserve.maltaislandtours.com\/fr_fr\/wp-json\/wp\/v2\/product\/17813","targetHints":{"allow":["GET"]}}],"collection":[{"href":"https:\/\/reserve.maltaislandtours.com\/fr_fr\/wp-json\/wp\/v2\/product"}],"about":[{"href":"https:\/\/reserve.maltaislandtours.com\/fr_fr\/wp-json\/wp\/v2\/types\/product"}],"wp:featuredmedia":[{"embeddable":true,"href":"https:\/\/reserve.maltaislandtours.com\/fr_fr\/wp-json\/wp\/v2\/media\/17770"}],"wp:attachment":[{"href":"https:\/\/reserve.maltaislandtours.com\/fr_fr\/wp-json\/wp\/v2\/media?parent=17813"}],"wp:term":[{"taxonomy":"product_brand","embeddable":true,"href":"https:\/\/reserve.maltaislandtours.com\/fr_fr\/wp-json\/wp\/v2\/product_brand?post=17813"},{"taxonomy":"product_cat","embeddable":true,"href":"https:\/\/reserve.maltaislandtours.com\/fr_fr\/wp-json\/wp\/v2\/product_cat?post=17813"},{"taxonomy":"product_tag","embeddable":true,"href":"https:\/\/reserve.maltaislandtours.com\/fr_fr\/wp-json\/wp\/v2\/product_tag?post=17813"}],"curies":[{"name":"wp","href":"https:\/\/api.w.org\/{rel}","templated":true}]}}