{"id":17813,"date":"2023-11-11T13:09:59","date_gmt":"2023-11-11T12:09:59","guid":{"rendered":"https:\/\/reserve.maltaislandtours.com\/?post_type=product&#038;p=17813"},"modified":"2024-04-29T12:48:29","modified_gmt":"2024-04-29T11:48:29","slug":"48-hours-hop-on-hop-off-malta-pass","status":"publish","type":"product","link":"https:\/\/reserve.maltaislandtours.com\/de_de\/produkt\/48-stunden-hop-on-hop-off-malta-pass\/","title":{"rendered":"48 Stunden Hop On Hop Off Malta Pass"},"content":{"rendered":"","protected":false},"excerpt":{"rendered":"<p><strong>Im Preis inbegriffen:<\/strong><br \/>\n<img decoding=\"async\" class=\"alignnone size-medium wp-image-17774\" src=\"https:\/\/reserve.maltaislandtours.com\/wp-content\/uploads\/2023\/10\/icon-300x300.png\" alt=\"\" width=\"25\" height=\"25\" srcset=\"https:\/\/reserve.maltaislandtours.com\/wp-content\/uploads\/2023\/10\/icon-300x300.png 300w, https:\/\/reserve.maltaislandtours.com\/wp-content\/uploads\/2023\/10\/icon-100x100.png 100w, https:\/\/reserve.maltaislandtours.com\/wp-content\/uploads\/2023\/10\/icon-150x150.png 150w, https:\/\/reserve.maltaislandtours.com\/wp-content\/uploads\/2023\/10\/icon-12x12.png 12w, https:\/\/reserve.maltaislandtours.com\/wp-content\/uploads\/2023\/10\/icon.png 520w\" sizes=\"(max-width: 25px) 100vw, 25px\" \/>48-Stunden-Pass f\u00fcr Hop-On-Hop-Off-Busse - Nordtour &amp; S\u00fcdtour (kann in 2 Bl\u00f6cken von 24 Stunden (nicht aufeinanderfolgend) \u00fcber einen Zeitraum von 5 Tagen ab dem ersten Aktivierungsdatum genutzt werden).<br \/>\n<img decoding=\"async\" class=\"alignnone size-medium wp-image-17774\" src=\"https:\/\/reserve.maltaislandtours.com\/wp-content\/uploads\/2023\/10\/icon-300x300.png\" alt=\"\" width=\"25\" height=\"25\" srcset=\"https:\/\/reserve.maltaislandtours.com\/wp-content\/uploads\/2023\/10\/icon-300x300.png 300w, https:\/\/reserve.maltaislandtours.com\/wp-content\/uploads\/2023\/10\/icon-100x100.png 100w, https:\/\/reserve.maltaislandtours.com\/wp-content\/uploads\/2023\/10\/icon-150x150.png 150w, https:\/\/reserve.maltaislandtours.com\/wp-content\/uploads\/2023\/10\/icon-12x12.png 12w, https:\/\/reserve.maltaislandtours.com\/wp-content\/uploads\/2023\/10\/icon.png 520w\" sizes=\"(max-width: 25px) 100vw, 25px\" \/>Hafenrundfahrt (kann einmal innerhalb von 3 Tagen nach Aktivierung des Passes genutzt werden).<br \/>\n<strong>Alle P\u00e4sse m\u00fcssen mindestens 24 Stunden im Voraus gebucht werden.<\/strong><\/p>\n<p><strong>Zus\u00e4tzliche Informationen und Tipps : <\/strong><a href=\"https:\/\/reserve.maltaislandtours.com\/en_gb\/additional-information-tips-48-hours-malta-bus-pass\/\">HIER KLICKEN<\/a><\/p>","protected":false},"featured_media":17770,"template":"","meta":[],"product_brand":[],"product_cat":[314],"product_tag":[],"class_list":{"0":"post-17813","1":"product","2":"type-product","3":"status-publish","4":"has-post-thumbnail","6":"product_cat-48passm","8":"first","9":"instock","10":"shipping-taxable","11":"product-type-grouped"},"_links":{"self":[{"href":"https:\/\/reserve.maltaislandtours.com\/de_de\/wp-json\/wp\/v2\/product\/17813","targetHints":{"allow":["GET"]}}],"collection":[{"href":"https:\/\/reserve.maltaislandtours.com\/de_de\/wp-json\/wp\/v2\/product"}],"about":[{"href":"https:\/\/reserve.maltaislandtours.com\/de_de\/wp-json\/wp\/v2\/types\/product"}],"wp:featuredmedia":[{"embeddable":true,"href":"https:\/\/reserve.maltaislandtours.com\/de_de\/wp-json\/wp\/v2\/media\/17770"}],"wp:attachment":[{"href":"https:\/\/reserve.maltaislandtours.com\/de_de\/wp-json\/wp\/v2\/media?parent=17813"}],"wp:term":[{"taxonomy":"product_brand","embeddable":true,"href":"https:\/\/reserve.maltaislandtours.com\/de_de\/wp-json\/wp\/v2\/product_brand?post=17813"},{"taxonomy":"product_cat","embeddable":true,"href":"https:\/\/reserve.maltaislandtours.com\/de_de\/wp-json\/wp\/v2\/product_cat?post=17813"},{"taxonomy":"product_tag","embeddable":true,"href":"https:\/\/reserve.maltaislandtours.com\/de_de\/wp-json\/wp\/v2\/product_tag?post=17813"}],"curies":[{"name":"wp","href":"https:\/\/api.w.org\/{rel}","templated":true}]}}